{"id":4810,"date":"2025-04-10T23:27:48","date_gmt":"2025-04-10T23:27:48","guid":{"rendered":"https:\/\/louvevenementiel.com\/?page_id=4810"},"modified":"2025-11-26T15:13:16","modified_gmt":"2025-11-26T15:13:16","slug":"a-propos","status":"publish","type":"page","link":"https:\/\/louvevenementiel.com\/en\/a-propos\/","title":{"rendered":"About us"},"content":{"rendered":"<div data-elementor-type=\"wp-page\" data-elementor-id=\"4810\" class=\"elementor elementor-4810\" data-elementor-post-type=\"page\">\n\t\t\t\t<div class=\"elementor-element elementor-element-3fe48c0 e-flex e-con-boxed qodef-elementor-content-no e-con e-parent\" data-id=\"3fe48c0\" data-element_type=\"container\" data-settings=\"{&quot;background_background&quot;:&quot;classic&quot;}\">\n\t\t\t\t\t<div class=\"e-con-inner\">\n\t\t\t\t<div class=\"elementor-element elementor-element-ae2d524 elementor-widget__width-initial elementor-widget elementor-widget-qi_addons_for_elementor_section_title\" data-id=\"ae2d524\" data-element_type=\"widget\" data-widget_type=\"qi_addons_for_elementor_section_title.default\">\n\t\t\t\t<div class=\"elementor-widget-container\">\n\t\t\t\t\t<div class=\"qodef-shortcode qodef-m qodef-qi-section-title qodef-decoration--italic qodef-link--underline-draw qodef-subtitle-icon--left\">\n\t\t\t\t<h1 class=\"qodef-m-subtitle\">\n\t\tAbout LOUV\t\t\t<\/h1>\n\t\t\t<h2 class=\"qodef-m-title translation-block\">WHAT IF WE WROTE <span class=\"qodef-e-decorated\">together<\/span> THE CONTINUATION OF OUR <span class=\"qodef-e-decorated\">story<\/span>?<\/h2>\n\t\t\t<\/div>\n\t\t\t\t<\/div>\n\t\t\t\t<\/div>\n\t\t\t\t<div class=\"elementor-element elementor-element-c162267 elementor-widget elementor-widget-qi_addons_for_elementor_button\" data-id=\"c162267\" data-element_type=\"widget\" data-widget_type=\"qi_addons_for_elementor_button.default\">\n\t\t\t\t<div class=\"elementor-widget-container\">\n\t\t\t\t\t<a class=\"qodef-shortcode qodef-m qodef-qi-button qodef-html--link qodef-layout--textual qodef-icon--right qodef-hover--icon-move-horizontal-short qodef-text-underline qodef-underline--left\" href=\"\/en\/contact\/\" target=\"_self\">\n\t<span class=\"qodef-m-text\">Book your consultation<\/span>\n\t<\/a>\n\t\t\t\t<\/div>\n\t\t\t\t<\/div>\n\t\t\t\t\t<\/div>\n\t\t\t\t<\/div>\n\t\t<div class=\"elementor-element elementor-element-ddccdce e-flex e-con-boxed qodef-elementor-content-no e-con e-parent\" data-id=\"ddccdce\" data-element_type=\"container\">\n\t\t\t\t\t<div class=\"e-con-inner\">\n\t\t<div class=\"elementor-element elementor-element-b8dd8a9 e-con-full e-flex qodef-elementor-content-no e-con e-child\" data-id=\"b8dd8a9\" data-element_type=\"container\">\n\t\t\t\t<div class=\"elementor-element elementor-element-9a9b1a5 elementor-widget elementor-widget-image\" data-id=\"9a9b1a5\" data-element_type=\"widget\" data-widget_type=\"image.default\">\n\t\t\t\t<div class=\"elementor-widget-container\">\n\t\t\t\t\t\t\t\t\t\t\t\t<figure class=\"wp-caption\">\n\t\t\t\t\t\t\t\t\t\t\t<a href=\"https:\/\/soniabourdon.com\/\" target=\"_blank\" rel=\"noopener\">\n\t\t\t\t\t\t\t<img fetchpriority=\"high\" decoding=\"async\" width=\"800\" height=\"534\" src=\"https:\/\/louvevenementiel.com\/wp-content\/uploads\/2025\/11\/Valerie-et-JC-1006-1280x854.jpg\" class=\"attachment-large size-large wp-image-5465\" alt=\"\" srcset=\"https:\/\/louvevenementiel.com\/wp-content\/uploads\/2025\/11\/Valerie-et-JC-1006-1280x854.jpg 1280w, https:\/\/louvevenementiel.com\/wp-content\/uploads\/2025\/11\/Valerie-et-JC-1006-640x427.jpg 640w, https:\/\/louvevenementiel.com\/wp-content\/uploads\/2025\/11\/Valerie-et-JC-1006-768x512.jpg 768w, https:\/\/louvevenementiel.com\/wp-content\/uploads\/2025\/11\/Valerie-et-JC-1006-1536x1024.jpg 1536w, https:\/\/louvevenementiel.com\/wp-content\/uploads\/2025\/11\/Valerie-et-JC-1006-18x12.jpg 18w, https:\/\/louvevenementiel.com\/wp-content\/uploads\/2025\/11\/Valerie-et-JC-1006.jpg 1600w\" sizes=\"(max-width: 800px) 100vw, 800px\" \/>\t\t\t\t\t\t\t\t<\/a>\n\t\t\t\t\t\t\t\t\t\t\t<figcaption class=\"widget-image-caption wp-caption-text\">Sonia Bourdon photographe<\/figcaption>\n\t\t\t\t\t\t\t\t\t\t<\/figure>\n\t\t\t\t\t\t\t\t\t<\/div>\n\t\t\t\t<\/div>\n\t\t\t\t<\/div>\n\t\t<div class=\"elementor-element elementor-element-fdf8554 e-con-full e-flex qodef-elementor-content-no e-con e-child\" data-id=\"fdf8554\" data-element_type=\"container\">\n\t\t\t\t<div class=\"elementor-element elementor-element-f7e90d0 elementor-widget elementor-widget-qi_addons_for_elementor_section_title\" data-id=\"f7e90d0\" data-element_type=\"widget\" data-widget_type=\"qi_addons_for_elementor_section_title.default\">\n\t\t\t\t<div class=\"elementor-widget-container\">\n\t\t\t\t\t<div class=\"qodef-shortcode qodef-m qodef-qi-section-title qodef-decoration--italic qodef-link--underline-draw qodef-subtitle-icon--left\">\n\t\t\t\t<h5 class=\"qodef-m-subtitle\">\n\t\tEvent organization throughout Quebec \t\t\t<\/h5>\n\t\t\t<h2 class=\"qodef-m-title translation-block\">WE PLAN, YOU <span class=\"qodef-e-decorated\">enjoy.<\/span> IT'S THAT <span class=\"qodef-e-decorated\">simple<\/span><\/h2>\n\t\t\t<\/div>\n\t\t\t\t<\/div>\n\t\t\t\t<\/div>\n\t\t\t\t<div class=\"elementor-element elementor-element-2eef32d elementor-widget elementor-widget-text-editor\" data-id=\"2eef32d\" data-element_type=\"widget\" data-widget_type=\"text-editor.default\">\n\t\t\t\t<div class=\"elementor-widget-container\">\n\t\t\t\t\t\t\t\t\t<p>Founded in 2021, LOUV \u00c9v\u00e9nementiel was born of a profound desire: to create events that resonate, leave a lasting impression and touch the heart. Behind every celebration lies an intention, an emotion, a unique moment to radiate. And that's exactly what we do.<\/p><p>Based in the Mauricie region, but always ready to take a detour wherever the magic calls, LOUV travels throughout Quebec <em>(and elsewhere)<\/em> to bring your events to life - whether it's a sweet wedding, a refined corporate event or a meaningful private celebration.<\/p><p>Our approach? A perfect blend of aesthetics, rigor and fluidity. Every detail is carefully thought out, every step precisely planned, so that you can enjoy it to the full, with complete confidence. At LOUV, we lighten your mental load to offer you an experience that lives up to your dreams.<\/p><p>High-end, yes - but always human, attentive and deeply attentive. Because at heart, what drives us is to see you vibrate.<\/p>\t\t\t\t\t\t\t\t<\/div>\n\t\t\t\t<\/div>\n\t\t\t\t<div class=\"elementor-element elementor-element-c14493c elementor-widget elementor-widget-qi_addons_for_elementor_button\" data-id=\"c14493c\" data-element_type=\"widget\" data-widget_type=\"qi_addons_for_elementor_button.default\">\n\t\t\t\t<div class=\"elementor-widget-container\">\n\t\t\t\t\t<a class=\"qodef-shortcode qodef-m qodef-qi-button qodef-html--link qodef-layout--textual qodef-icon--right qodef-hover--icon-move-horizontal-short qodef-text-underline qodef-underline--left\" href=\"\/en\/blog\/\" target=\"_self\">\n\t<span class=\"qodef-m-text\">Our tips and tricks<\/span>\n\t<\/a>\n\t\t\t\t<\/div>\n\t\t\t\t<\/div>\n\t\t\t\t<\/div>\n\t\t\t\t\t<\/div>\n\t\t\t\t<\/div>\n\t\t<div class=\"elementor-element elementor-element-c0b7ef5 e-flex e-con-boxed qodef-elementor-content-no e-con e-parent\" data-id=\"c0b7ef5\" data-element_type=\"container\" data-settings=\"{&quot;background_background&quot;:&quot;classic&quot;}\">\n\t\t\t\t\t<div class=\"e-con-inner\">\n\t\t<div class=\"elementor-element elementor-element-3a5aa1d e-con-full e-flex qodef-elementor-content-no e-con e-child\" data-id=\"3a5aa1d\" data-element_type=\"container\">\n\t\t\t\t<div class=\"elementor-element elementor-element-ae8a8bf elementor-widget elementor-widget-image\" data-id=\"ae8a8bf\" data-element_type=\"widget\" data-widget_type=\"image.default\">\n\t\t\t\t<div class=\"elementor-widget-container\">\n\t\t\t\t\t\t\t\t\t\t\t\t<figure class=\"wp-caption\">\n\t\t\t\t\t\t\t\t\t\t<img decoding=\"async\" width=\"800\" height=\"1200\" src=\"https:\/\/louvevenementiel.com\/wp-content\/uploads\/2025\/04\/ALE01058.webp\" class=\"attachment-large size-large wp-image-4893\" alt=\"Natacha Dupont\" srcset=\"https:\/\/louvevenementiel.com\/wp-content\/uploads\/2025\/04\/ALE01058.webp 800w, https:\/\/louvevenementiel.com\/wp-content\/uploads\/2025\/04\/ALE01058-640x960.webp 640w, https:\/\/louvevenementiel.com\/wp-content\/uploads\/2025\/04\/ALE01058-768x1152.webp 768w\" sizes=\"(max-width: 800px) 100vw, 800px\" \/>\t\t\t\t\t\t\t\t\t\t\t<figcaption class=\"widget-image-caption wp-caption-text\">Sarah KG Photographie<\/figcaption>\n\t\t\t\t\t\t\t\t\t\t<\/figure>\n\t\t\t\t\t\t\t\t\t<\/div>\n\t\t\t\t<\/div>\n\t\t\t\t<\/div>\n\t\t<div class=\"elementor-element elementor-element-8112a5f e-con-full e-flex qodef-elementor-content-no e-con e-child\" data-id=\"8112a5f\" data-element_type=\"container\">\n\t\t\t\t<div class=\"elementor-element elementor-element-dc9f7d7 elementor-widget elementor-widget-qi_addons_for_elementor_section_title\" data-id=\"dc9f7d7\" data-element_type=\"widget\" data-widget_type=\"qi_addons_for_elementor_section_title.default\">\n\t\t\t\t<div class=\"elementor-widget-container\">\n\t\t\t\t\t<div class=\"qodef-shortcode qodef-m qodef-qi-section-title qodef-decoration--italic qodef-link--underline-draw qodef-subtitle-icon--left\">\n\t\t\t\t\t\t<h2 class=\"qodef-m-title translation-block\"><span class=\"qodef-e-decorated\">Natacha Dupont<\/span> : FOUNDER OF LOUV \u00c9V\u00c9NEMENTIEL<\/h2>\n\t\t\t<\/div>\n\t\t\t\t<\/div>\n\t\t\t\t<\/div>\n\t\t\t\t<div class=\"elementor-element elementor-element-68f2208 elementor-widget elementor-widget-text-editor\" data-id=\"68f2208\" data-element_type=\"widget\" data-widget_type=\"text-editor.default\">\n\t\t\t\t<div class=\"elementor-widget-container\">\n\t\t\t\t\t\t\t\t\t<p>Since 2018, I've been putting my passion for organization, aesthetics and beautiful encounters at the service of those who dream of an event that reflects their image. Trained in the events industry and with several years' experience in the field, I founded LOUV \u00c9v\u00e9nementiel with a clear vision: to offer exceptional moments, thought out down to the smallest detail and driven by genuine listening.<\/p><p>A lover of coffee, fine dining and good food, I firmly believe that it's the little touches and moments of sharing that make a truly unforgettable experience. My approach combines creativity, rigor and kindness, to transform your ideas into stress-free, memorable events.<\/p><p>Whether for an elegant wedding, an intimate celebration or a corporate event, I'll accompany you with heart and expertise to make every moment count.<\/p>\t\t\t\t\t\t\t\t<\/div>\n\t\t\t\t<\/div>\n\t\t\t\t<div class=\"elementor-element elementor-element-2315a3a elementor-widget elementor-widget-qi_addons_for_elementor_button\" data-id=\"2315a3a\" data-element_type=\"widget\" data-widget_type=\"qi_addons_for_elementor_button.default\">\n\t\t\t\t<div class=\"elementor-widget-container\">\n\t\t\t\t\t<a class=\"qodef-shortcode qodef-m qodef-qi-button qodef-html--link qodef-layout--textual qodef-icon--right qodef-hover--icon-move-horizontal-short qodef-text-underline qodef-underline--left\" href=\"\/en\/CONTACT\/\" target=\"_self\">\n\t<span class=\"qodef-m-text\">How about turning your ideas into reality?<\/span>\n\t<\/a>\n\t\t\t\t<\/div>\n\t\t\t\t<\/div>\n\t\t\t\t<\/div>\n\t\t<div class=\"elementor-element elementor-element-fe0cd12 e-con-full e-flex qodef-elementor-content-no e-con e-child\" data-id=\"fe0cd12\" data-element_type=\"container\">\n\t\t\t\t<div class=\"elementor-element elementor-element-6dc51a5 elementor-widget elementor-widget-image\" data-id=\"6dc51a5\" data-element_type=\"widget\" data-widget_type=\"image.default\">\n\t\t\t\t<div class=\"elementor-widget-container\">\n\t\t\t\t\t\t\t\t\t\t\t\t<figure class=\"wp-caption\">\n\t\t\t\t\t\t\t\t\t\t\t<a href=\"https:\/\/www.instagram.com\/jessiebloom.photo\/\" target=\"_blank\" rel=\"noopener\">\n\t\t\t\t\t\t\t<img decoding=\"async\" width=\"800\" height=\"1200\" src=\"https:\/\/louvevenementiel.com\/wp-content\/uploads\/2025\/04\/112.webp\" class=\"attachment-large size-large wp-image-4919\" alt=\"\" srcset=\"https:\/\/louvevenementiel.com\/wp-content\/uploads\/2025\/04\/112.webp 800w, https:\/\/louvevenementiel.com\/wp-content\/uploads\/2025\/04\/112-640x960.webp 640w, https:\/\/louvevenementiel.com\/wp-content\/uploads\/2025\/04\/112-768x1152.webp 768w\" sizes=\"(max-width: 800px) 100vw, 800px\" \/>\t\t\t\t\t\t\t\t<\/a>\n\t\t\t\t\t\t\t\t\t\t\t<figcaption class=\"widget-image-caption wp-caption-text\">Jessie Bloom<\/figcaption>\n\t\t\t\t\t\t\t\t\t\t<\/figure>\n\t\t\t\t\t\t\t\t\t<\/div>\n\t\t\t\t<\/div>\n\t\t\t\t<\/div>\n\t\t\t\t\t<\/div>\n\t\t\t\t<\/div>\n\t\t<div class=\"elementor-element elementor-element-1a71237 e-flex e-con-boxed qodef-elementor-content-no e-con e-parent\" data-id=\"1a71237\" data-element_type=\"container\">\n\t\t\t\t\t<div class=\"e-con-inner\">\n\t\t<div class=\"elementor-element elementor-element-a3b6ea7 e-con-full e-flex qodef-elementor-content-no e-con e-child\" data-id=\"a3b6ea7\" data-element_type=\"container\">\n\t\t\t\t<div class=\"elementor-element elementor-element-766a13f elementor-widget elementor-widget-qi_addons_for_elementor_section_title\" data-id=\"766a13f\" data-element_type=\"widget\" data-widget_type=\"qi_addons_for_elementor_section_title.default\">\n\t\t\t\t<div class=\"elementor-widget-container\">\n\t\t\t\t\t<div class=\"qodef-shortcode qodef-m qodef-qi-section-title qodef-decoration--italic qodef-link--underline-draw qodef-subtitle-icon--left\">\n\t\t\t\t\t\t<h2 class=\"qodef-m-title\">\n\t\tTHE TEAM BEHIND YOUR EVENTS\t<\/h2>\n\t\t\t<div class=\"qodef-m-text\"><p>A dedicated, creative and passionate team that transforms ideas into emotions.<\/p><\/div>\n\t<\/div>\n\t\t\t\t<\/div>\n\t\t\t\t<\/div>\n\t\t\t\t<div class=\"elementor-element elementor-element-5c795f7 elementor-widget elementor-widget-qi_addons_for_elementor_button\" data-id=\"5c795f7\" data-element_type=\"widget\" data-widget_type=\"qi_addons_for_elementor_button.default\">\n\t\t\t\t<div class=\"elementor-widget-container\">\n\t\t\t\t\t<a class=\"qodef-shortcode qodef-m qodef-qi-button qodef-html--link qodef-layout--textual qodef-icon--right qodef-hover--icon-move-horizontal-short qodef-text-underline qodef-underline--left\" href=\"\/en\/CONTACT\/\" target=\"_self\">\n\t<span class=\"qodef-m-text\">Let's work together<\/span>\n\t<\/a>\n\t\t\t\t<\/div>\n\t\t\t\t<\/div>\n\t\t\t\t<\/div>\n\t\t<div class=\"elementor-element elementor-element-5444029 e-con-full e-flex qodef-elementor-content-no e-con e-child\" data-id=\"5444029\" data-element_type=\"container\">\n\t\t\t\t<div class=\"elementor-element elementor-element-d1332e0 elementor-widget elementor-widget-image\" data-id=\"d1332e0\" data-element_type=\"widget\" data-widget_type=\"image.default\">\n\t\t\t\t<div class=\"elementor-widget-container\">\n\t\t\t\t\t\t\t\t\t\t\t\t<figure class=\"wp-caption\">\n\t\t\t\t\t\t\t\t\t\t<img loading=\"lazy\" decoding=\"async\" width=\"1707\" height=\"2560\" src=\"https:\/\/louvevenementiel.com\/wp-content\/uploads\/2025\/11\/5A4A8350-scaled.jpg\" class=\"attachment-full size-full wp-image-5459\" alt=\"\" srcset=\"https:\/\/louvevenementiel.com\/wp-content\/uploads\/2025\/11\/5A4A8350-scaled.jpg 1707w, https:\/\/louvevenementiel.com\/wp-content\/uploads\/2025\/11\/5A4A8350-640x960.jpg 640w, https:\/\/louvevenementiel.com\/wp-content\/uploads\/2025\/11\/5A4A8350-1280x1920.jpg 1280w, https:\/\/louvevenementiel.com\/wp-content\/uploads\/2025\/11\/5A4A8350-768x1152.jpg 768w, https:\/\/louvevenementiel.com\/wp-content\/uploads\/2025\/11\/5A4A8350-1024x1536.jpg 1024w, https:\/\/louvevenementiel.com\/wp-content\/uploads\/2025\/11\/5A4A8350-1365x2048.jpg 1365w, https:\/\/louvevenementiel.com\/wp-content\/uploads\/2025\/11\/5A4A8350-8x12.jpg 8w\" sizes=\"(max-width: 1707px) 100vw, 1707px\" \/>\t\t\t\t\t\t\t\t\t\t\t<figcaption class=\"widget-image-caption wp-caption-text\"><\/figcaption>\n\t\t\t\t\t\t\t\t\t\t<\/figure>\n\t\t\t\t\t\t\t\t\t<\/div>\n\t\t\t\t<\/div>\n\t\t\t\t<div class=\"elementor-element elementor-element-9dff26a elementor-widget elementor-widget-qi_addons_for_elementor_section_title\" data-id=\"9dff26a\" data-element_type=\"widget\" data-widget_type=\"qi_addons_for_elementor_section_title.default\">\n\t\t\t\t<div class=\"elementor-widget-container\">\n\t\t\t\t\t<div class=\"qodef-shortcode qodef-m qodef-qi-section-title qodef-decoration--italic qodef-link--underline-draw qodef-subtitle-icon--left\">\n\t\t\t<h4 class=\"qodef-m-title\">\n\t\tNatacha Dupont\t<\/h4>\n\t\t\t\t<h5 class=\"qodef-m-subtitle\">\n\t\tPlanificatrice en Chef\t\t\t<\/h5>\n\t\t\t<\/div>\n\t\t\t\t<\/div>\n\t\t\t\t<\/div>\n\t\t\t\t<\/div>\n\t\t<div class=\"elementor-element elementor-element-bbfe295 e-con-full e-flex qodef-elementor-content-no e-con e-child\" data-id=\"bbfe295\" data-element_type=\"container\">\n\t\t\t\t<div class=\"elementor-element elementor-element-559c378 elementor-widget elementor-widget-image\" data-id=\"559c378\" data-element_type=\"widget\" data-widget_type=\"image.default\">\n\t\t\t\t<div class=\"elementor-widget-container\">\n\t\t\t\t\t\t\t\t\t\t\t\t\t\t\t<img decoding=\"async\" src=\"https:\/\/louvevenementiel.com\/wp-content\/uploads\/2025\/11\/5A4A8344-scaled.jpg\" title=\"5A4A8344\" alt=\"5A4A8344\" loading=\"lazy\" \/>\t\t\t\t\t\t\t\t\t\t\t\t\t\t\t<\/div>\n\t\t\t\t<\/div>\n\t\t\t\t<div class=\"elementor-element elementor-element-da2922f elementor-widget elementor-widget-qi_addons_for_elementor_section_title\" data-id=\"da2922f\" data-element_type=\"widget\" data-widget_type=\"qi_addons_for_elementor_section_title.default\">\n\t\t\t\t<div class=\"elementor-widget-container\">\n\t\t\t\t\t<div class=\"qodef-shortcode qodef-m qodef-qi-section-title qodef-decoration--italic qodef-link--underline-draw qodef-subtitle-icon--left\">\n\t\t\t<h4 class=\"qodef-m-title\">\n\t\tJinnie Jett\u00e9\t<\/h4>\n\t\t\t\t<h5 class=\"qodef-m-subtitle\">\n\t\tHead assistant coordinator\t\t\t<\/h5>\n\t\t\t<\/div>\n\t\t\t\t<\/div>\n\t\t\t\t<\/div>\n\t\t\t\t<\/div>\n\t\t<div class=\"elementor-element elementor-element-116ab50 e-con-full e-flex qodef-elementor-content-no e-con e-child\" data-id=\"116ab50\" data-element_type=\"container\">\n\t\t\t\t<div class=\"elementor-element elementor-element-63c5e3d elementor-widget elementor-widget-image\" data-id=\"63c5e3d\" data-element_type=\"widget\" data-widget_type=\"image.default\">\n\t\t\t\t<div class=\"elementor-widget-container\">\n\t\t\t\t\t\t\t\t\t\t\t\t<figure class=\"wp-caption\">\n\t\t\t\t\t\t\t\t\t\t<img loading=\"lazy\" decoding=\"async\" width=\"1024\" height=\"683\" src=\"https:\/\/louvevenementiel.com\/wp-content\/uploads\/2025\/09\/MCPhotographe-MariageParty-6.jpg\" class=\"attachment-full size-full wp-image-5423\" alt=\"\" srcset=\"https:\/\/louvevenementiel.com\/wp-content\/uploads\/2025\/09\/MCPhotographe-MariageParty-6.jpg 1024w, https:\/\/louvevenementiel.com\/wp-content\/uploads\/2025\/09\/MCPhotographe-MariageParty-6-640x427.jpg 640w, https:\/\/louvevenementiel.com\/wp-content\/uploads\/2025\/09\/MCPhotographe-MariageParty-6-768x512.jpg 768w, https:\/\/louvevenementiel.com\/wp-content\/uploads\/2025\/09\/MCPhotographe-MariageParty-6-18x12.jpg 18w\" sizes=\"(max-width: 1024px) 100vw, 1024px\" \/>\t\t\t\t\t\t\t\t\t\t\t<figcaption class=\"widget-image-caption wp-caption-text\"><\/figcaption>\n\t\t\t\t\t\t\t\t\t\t<\/figure>\n\t\t\t\t\t\t\t\t\t<\/div>\n\t\t\t\t<\/div>\n\t\t\t\t<div class=\"elementor-element elementor-element-82cf0df elementor-widget elementor-widget-qi_addons_for_elementor_section_title\" data-id=\"82cf0df\" data-element_type=\"widget\" data-widget_type=\"qi_addons_for_elementor_section_title.default\">\n\t\t\t\t<div class=\"elementor-widget-container\">\n\t\t\t\t\t<div class=\"qodef-shortcode qodef-m qodef-qi-section-title qodef-decoration--italic qodef-link--underline-draw qodef-subtitle-icon--left\">\n\t\t\t<h4 class=\"qodef-m-title\">\n\t\tJessie Proulx\t<\/h4>\n\t\t\t\t<h5 class=\"qodef-m-subtitle\">\n\t\tAssistant coordinator\t\t\t<\/h5>\n\t\t\t<\/div>\n\t\t\t\t<\/div>\n\t\t\t\t<\/div>\n\t\t\t\t<\/div>\n\t\t\t\t\t<\/div>\n\t\t\t\t<\/div>\n\t\t<div class=\"elementor-element elementor-element-1df8955 e-flex e-con-boxed qodef-elementor-content-no e-con e-parent\" data-id=\"1df8955\" data-element_type=\"container\" data-settings=\"{&quot;background_background&quot;:&quot;classic&quot;}\">\n\t\t\t\t\t<div class=\"e-con-inner\">\n\t\t\t\t<div class=\"elementor-element elementor-element-156f999 elementor-widget__width-initial elementor-widget elementor-widget-qi_addons_for_elementor_section_title\" data-id=\"156f999\" data-element_type=\"widget\" data-widget_type=\"qi_addons_for_elementor_section_title.default\">\n\t\t\t\t<div class=\"elementor-widget-container\">\n\t\t\t\t\t<div class=\"qodef-shortcode qodef-m qodef-qi-section-title qodef-decoration--italic qodef-link--underline-draw qodef-subtitle-icon--left\">\n\t\t\t\t\t\t<h4 class=\"qodef-m-title\">\n\t\tAN INCREDIBLE EXPERIENCE WITH NATACHA ON OUR WEDDING\t<\/h4>\n\t\t\t<div class=\"qodef-m-text\"><p>Right from the start, her communication was exceptional. She was always approachable and attentive to our needs. Her confidence and support were invaluable, especially when we decided to do most of the decorating ourselves. Thanks to her, everything went off without a hitch and we were able to enjoy our day to the full. We look forward to working with her again for future special occasions!<\/p><\/div>\n\t<\/div>\n\t\t\t\t<\/div>\n\t\t\t\t<\/div>\n\t\t\t\t<div class=\"elementor-element elementor-element-a2db0d4 elementor-widget elementor-widget-text-editor\" data-id=\"a2db0d4\" data-element_type=\"widget\" data-widget_type=\"text-editor.default\">\n\t\t\t\t<div class=\"elementor-widget-container\">\n\t\t\t\t\t\t\t\t\t<p>&#8211; Catherine &amp; Justin<\/p>\t\t\t\t\t\t\t\t<\/div>\n\t\t\t\t<\/div>\n\t\t\t\t\t<\/div>\n\t\t\t\t<\/div>\n\t\t\t\t<\/div>","protected":false},"excerpt":{"rendered":"<p>\u00c0 propos de LOUV ET SI ON \u00c9CRIVAIT ensemble LA SUITE DE NOTRE histoire ? R\u00e9servez votre consultation Sonia Bourdon photographe Organisation d&rsquo;\u00e9v\u00e9nements partout au Qu\u00e9bec ON PLANIFIE, VOUS profitez. C\u2019EST AUSSI simple QUE \u00c7A. Fond\u00e9 en 2021, LOUV \u00c9v\u00e9nementiel est n\u00e9 d\u2019un d\u00e9sir profond : cr\u00e9er des \u00e9v\u00e9nements qui r\u00e9sonnent, marquent les esprits et [&hellip;]<\/p>","protected":false},"author":1,"featured_media":0,"parent":0,"menu_order":0,"comment_status":"closed","ping_status":"closed","template":"","meta":{"footnotes":""},"class_list":["post-4810","page","type-page","status-publish","hentry"],"_links":{"self":[{"href":"https:\/\/louvevenementiel.com\/en\/wp-json\/wp\/v2\/pages\/4810","targetHints":{"allow":["GET"]}}],"collection":[{"href":"https:\/\/louvevenementiel.com\/en\/wp-json\/wp\/v2\/pages"}],"about":[{"href":"https:\/\/louvevenementiel.com\/en\/wp-json\/wp\/v2\/types\/page"}],"author":[{"embeddable":true,"href":"https:\/\/louvevenementiel.com\/en\/wp-json\/wp\/v2\/users\/1"}],"replies":[{"embeddable":true,"href":"https:\/\/louvevenementiel.com\/en\/wp-json\/wp\/v2\/comments?post=4810"}],"version-history":[{"count":67,"href":"https:\/\/louvevenementiel.com\/en\/wp-json\/wp\/v2\/pages\/4810\/revisions"}],"predecessor-version":[{"id":5470,"href":"https:\/\/louvevenementiel.com\/en\/wp-json\/wp\/v2\/pages\/4810\/revisions\/5470"}],"wp:attachment":[{"href":"https:\/\/louvevenementiel.com\/en\/wp-json\/wp\/v2\/media?parent=4810"}],"curies":[{"name":"wp","href":"https:\/\/api.w.org\/{rel}","templated":true}]}}